{"id":29768,"date":"2020-04-21T16:46:20","date_gmt":"2020-04-21T16:46:20","guid":{"rendered":"https:\/\/3dbonum.com\/produktai\/polymer-powders\/"},"modified":"2021-07-30T17:29:06","modified_gmt":"2021-07-30T17:29:06","slug":"polimeru-milteliai","status":"publish","type":"page","link":"https:\/\/3dbonum.com\/lt\/produktai\/polimeru-milteliai\/","title":{"rendered":"Polimer\u0173 milteliai"},"content":{"rendered":"\t\t<div data-elementor-type=\"wp-page\" data-elementor-id=\"29768\" class=\"elementor elementor-29768 elementor-29138\">\n\t\t\t\t\t\t<div class=\"elementor-inner\">\n\t\t\t\t<div class=\"elementor-section-wrap\">\n\t\t\t\t\t\t\t\t\t<section class=\"elementor-section elementor-top-section elementor-element elementor-element-9d76e3f elementor-section-boxed elementor-section-height-default elementor-section-height-default\" data-id=\"9d76e3f\" data-element_type=\"section\" data-settings=\"{&quot;jet_parallax_layout_list&quot;:[{&quot;jet_parallax_layout_image&quot;:{&quot;url&quot;:&quot;&quot;,&quot;id&quot;:&quot;&quot;},&quot;_id&quot;:&quot;c4f7893&quot;,&quot;jet_parallax_layout_image_tablet&quot;:{&quot;url&quot;:&quot;&quot;,&quot;id&quot;:&quot;&quot;},&quot;jet_parallax_layout_image_mobile&quot;:{&quot;url&quot;:&quot;&quot;,&quot;id&quot;:&quot;&quot;},&quot;jet_parallax_layout_speed&quot;:{&quot;unit&quot;:&quot;%&quot;,&quot;size&quot;:50,&quot;sizes&quot;:[]},&quot;jet_parallax_layout_type&quot;:&quot;scroll&quot;,&quot;jet_parallax_layout_direction&quot;:null,&quot;jet_parallax_layout_fx_direction&quot;:null,&quot;jet_parallax_layout_z_index&quot;:&quot;&quot;,&quot;jet_parallax_layout_bg_x&quot;:50,&quot;jet_parallax_layout_bg_y&quot;:50,&quot;jet_parallax_layout_bg_size&quot;:&quot;auto&quot;,&quot;jet_parallax_layout_animation_prop&quot;:&quot;transform&quot;,&quot;jet_parallax_layout_on&quot;:[&quot;desktop&quot;,&quot;tablet&quot;],&quot;jet_parallax_layout_bg_x_tablet&quot;:&quot;&quot;,&quot;jet_parallax_layout_bg_x_mobile&quot;:&quot;&quot;,&quot;jet_parallax_layout_bg_y_tablet&quot;:&quot;&quot;,&quot;jet_parallax_layout_bg_y_mobile&quot;:&quot;&quot;,&quot;jet_parallax_layout_bg_size_tablet&quot;:&quot;&quot;,&quot;jet_parallax_layout_bg_size_mobile&quot;:&quot;&quot;}]}\">\n\t\t\t\t\t\t<div class=\"elementor-container elementor-column-gap-default\">\n\t\t\t\t\t\t\t<div class=\"elementor-row\">\n\t\t\t\t\t<div class=\"elementor-column elementor-col-100 elementor-top-column elementor-element elementor-element-e97066d\" data-id=\"e97066d\" data-element_type=\"column\">\n\t\t\t<div class=\"elementor-column-wrap elementor-element-populated\">\n\t\t\t\t\t\t\t<div class=\"elementor-widget-wrap\">\n\t\t\t\t\t\t<div class=\"elementor-element elementor-element-5b98e21 elementor-widget elementor-widget-image\" data-id=\"5b98e21\" data-element_type=\"widget\" data-widget_type=\"image.default\">\n\t\t\t\t<div class=\"elementor-widget-container\">\n\t\t\t\t\t\t\t\t<div class=\"elementor-image\">\n\t\t\t\t\t\t\t\t\t\t\t\t<img decoding=\"async\" width=\"300\" height=\"42\" src=\"https:\/\/3dbonum.com\/wp-content\/uploads\/2020\/04\/Sintratec-Logo-300x42.jpg\" class=\"attachment-medium size-medium\" alt=\"Sintratec-Logo\" loading=\"lazy\" srcset=\"https:\/\/3dbonum.com\/wp-content\/uploads\/2020\/04\/Sintratec-Logo-300x42.jpg 300w, https:\/\/3dbonum.com\/wp-content\/uploads\/2020\/04\/Sintratec-Logo-540x76.jpg 540w, https:\/\/3dbonum.com\/wp-content\/uploads\/2020\/04\/Sintratec-Logo.jpg 715w\" sizes=\"(max-width: 300px) 100vw, 300px\" \/>\t\t\t\t\t\t\t\t\t\t\t\t\t\t<\/div>\n\t\t\t\t\t\t<\/div>\n\t\t\t\t<\/div>\n\t\t\t\t<div class=\"elementor-element elementor-element-f97c8d1 section-title elementor-widget elementor-widget-heading\" data-id=\"f97c8d1\" data-element_type=\"widget\" data-widget_type=\"heading.default\">\n\t\t\t\t<div class=\"elementor-widget-container\">\n\t\t\t<h3 class=\"elementor-heading-title elementor-size-large\">Polimer\u0173 milteliai<\/h3>\t\t<\/div>\n\t\t\t\t<\/div>\n\t\t\t\t<div class=\"elementor-element elementor-element-61b556e elementor-widget elementor-widget-text-editor\" data-id=\"61b556e\" data-element_type=\"widget\" data-widget_type=\"text-editor.default\">\n\t\t\t\t<div class=\"elementor-widget-container\">\n\t\t\t\t\t\t\t\t<div class=\"elementor-text-editor elementor-clearfix\">\n\t\t\t\t<h5><span class=\"s2\">Sintratec PA12 milteliai<\/span><\/h5><p><span class=\"s4\">Auk\u0161to efektyvumo polimeras, kurio pagrindin\u0117 sudedamoji dalis yra industrinio lygio poliamido (nailono) milteliai. <\/span><\/p><p><span class=\"s4\">Leid\u017eia spausdinti tvirtas, atsparias temperat\u016brai, tikslias ir tvarias detales.<\/span><\/p><p><span class=\"s4\">Pagrindin\u0117 med\u017eiaga: Poliamidas 12<\/span><\/p><p><span class=\"s4\">Spalva: Antracitas<\/span><\/p><p><span class=\"s4\">Daleli\u0173 dydis: apie 60 \u03bcm <\/span><\/p><p><span class=\"s4\">\u0160ilumos deformacija: 177 \u00b0C<\/span><\/p>\t\t\t\t\t<\/div>\n\t\t\t\t\t\t<\/div>\n\t\t\t\t<\/div>\n\t\t\t\t<div class=\"elementor-element elementor-element-1d3e9b0 elementor-widget elementor-widget-image\" data-id=\"1d3e9b0\" data-element_type=\"widget\" data-widget_type=\"image.default\">\n\t\t\t\t<div class=\"elementor-widget-container\">\n\t\t\t\t\t\t\t\t<div class=\"elementor-image\">\n\t\t\t\t\t\t\t\t\t\t\t\t<img decoding=\"async\" width=\"549\" height=\"366\" src=\"https:\/\/3dbonum.com\/wp-content\/uploads\/2020\/04\/3d-sintratec-material-PA12.jpg\" class=\"attachment-full size-full\" alt=\"\" loading=\"lazy\" srcset=\"https:\/\/3dbonum.com\/wp-content\/uploads\/2020\/04\/3d-sintratec-material-PA12.jpg 549w, https:\/\/3dbonum.com\/wp-content\/uploads\/2020\/04\/3d-sintratec-material-PA12-300x200.jpg 300w, https:\/\/3dbonum.com\/wp-content\/uploads\/2020\/04\/3d-sintratec-material-PA12-540x360.jpg 540w\" sizes=\"(max-width: 549px) 100vw, 549px\" \/>\t\t\t\t\t\t\t\t\t\t\t\t\t\t<\/div>\n\t\t\t\t\t\t<\/div>\n\t\t\t\t<\/div>\n\t\t\t\t<div class=\"elementor-element elementor-element-917ab3d elementor-widget-divider--view-line elementor-widget elementor-widget-divider\" data-id=\"917ab3d\" data-element_type=\"widget\" data-widget_type=\"divider.default\">\n\t\t\t\t<div class=\"elementor-widget-container\">\n\t\t\t\t\t<div class=\"elementor-divider\">\n\t\t\t<span class=\"elementor-divider-separator\">\n\t\t\t\t\t\t<\/span>\n\t\t<\/div>\n\t\t\t\t<\/div>\n\t\t\t\t<\/div>\n\t\t\t\t<div class=\"elementor-element elementor-element-768ef46 elementor-widget elementor-widget-text-editor\" data-id=\"768ef46\" data-element_type=\"widget\" data-widget_type=\"text-editor.default\">\n\t\t\t\t<div class=\"elementor-widget-container\">\n\t\t\t\t\t\t\t\t<div class=\"elementor-text-editor elementor-clearfix\">\n\t\t\t\t<h5><span class=\"s2\">Sintratec TPE milteliai<\/span><\/h5><p><span class=\"s4\">Auk\u0161to efektyvumo polimeras TPE buvo sukurtas gaminti itin lanks\u010dias, \u012f gum\u0105 pana\u0161ias detales. <\/span><\/p><p><span class=\"s4\">I\u0161skirtin\u0117 atkuriamojo elastingumo savyb\u0117 ir at\u0161okimo elastingumas (tr\u016bkstamoji i\u0161tisa iki 438 %) yra ypatumai, tinkamiausi taikyti ten, kur reikalingos elastingumu pasi\u017eymin\u010dios dalys.<\/span><\/p><p><span class=\"s4\">Pagrindin\u0117 med\u017eiaga: Elastomeras<\/span><\/p><p><span class=\"s4\">Spalva: Antracitas<\/span><\/p><p><span class=\"s4\">Daleli\u0173 dydis: apie 50 \u03bcm <\/span><\/p><p><span class=\"s4\">\u0160ilumos deformacija: 104 \u00b0C<\/span><\/p>\t\t\t\t\t<\/div>\n\t\t\t\t\t\t<\/div>\n\t\t\t\t<\/div>\n\t\t\t\t<div class=\"elementor-element elementor-element-4141117 elementor-widget elementor-widget-image\" data-id=\"4141117\" data-element_type=\"widget\" data-widget_type=\"image.default\">\n\t\t\t\t<div class=\"elementor-widget-container\">\n\t\t\t\t\t\t\t\t<div class=\"elementor-image\">\n\t\t\t\t\t\t\t\t\t\t\t\t<img decoding=\"async\" width=\"599\" height=\"366\" src=\"https:\/\/3dbonum.com\/wp-content\/uploads\/2020\/04\/TPE-2-liter-bottle-with-parts.jpg\" class=\"attachment-full size-full\" alt=\"\" loading=\"lazy\" srcset=\"https:\/\/3dbonum.com\/wp-content\/uploads\/2020\/04\/TPE-2-liter-bottle-with-parts.jpg 599w, https:\/\/3dbonum.com\/wp-content\/uploads\/2020\/04\/TPE-2-liter-bottle-with-parts-300x183.jpg 300w, https:\/\/3dbonum.com\/wp-content\/uploads\/2020\/04\/TPE-2-liter-bottle-with-parts-540x330.jpg 540w\" sizes=\"(max-width: 599px) 100vw, 599px\" \/>\t\t\t\t\t\t\t\t\t\t\t\t\t\t<\/div>\n\t\t\t\t\t\t<\/div>\n\t\t\t\t<\/div>\n\t\t\t\t\t\t<\/div>\n\t\t\t\t\t<\/div>\n\t\t<\/div>\n\t\t\t\t\t\t\t\t<\/div>\n\t\t\t\t\t<\/div>\n\t\t<\/section>\n\t\t\t\t\t\t\t\t\t<\/div>\n\t\t\t<\/div>\n\t\t\t\t\t<\/div>\n\t\t","protected":false},"excerpt":{"rendered":"<p>Polimer\u0173 milteliai Sintratec PA12 milteliai Auk\u0161to efektyvumo polimeras, kurio pagrindin\u0117 sudedamoji dalis yra industrinio lygio poliamido (nailono) milteliai. Leid\u017eia spausdinti tvirtas, atsparias temperat\u016brai, tikslias ir tvarias detales. Pagrindin\u0117 med\u017eiaga: Poliamidas 12 Spalva: Antracitas Daleli\u0173 dydis: apie 60 \u03bcm \u0160ilumos deformacija: 177 \u00b0C Sintratec TPE milteliai Auk\u0161to efektyvumo polimeras TPE buvo sukurtas gaminti itin lanks\u010dias, \u012f [&hellip;]<\/p>\n","protected":false},"author":5,"featured_media":0,"parent":29676,"menu_order":17,"comment_status":"closed","ping_status":"closed","template":"tpl-sidenavigation.php","meta":[],"yoast_head":"<!-- This site is optimized with the Yoast SEO plugin v19.10 - https:\/\/yoast.com\/wordpress\/plugins\/seo\/ -->\n<title>Polimer\u0173 milteliai - 3D BONUM<\/title>\n<meta name=\"robots\" content=\"index, follow, max-snippet:-1, max-image-preview:large, max-video-preview:-1\" \/>\n<link rel=\"canonical\" href=\"https:\/\/3dbonum.com\/lt\/produktai\/polimeru-milteliai\/\" \/>\n<meta property=\"og:locale\" content=\"lt_LT\" \/>\n<meta property=\"og:type\" content=\"article\" \/>\n<meta property=\"og:title\" content=\"Polimer\u0173 milteliai - 3D BONUM\" \/>\n<meta property=\"og:description\" content=\"Polimer\u0173 milteliai Sintratec PA12 milteliai Auk\u0161to efektyvumo polimeras, kurio pagrindin\u0117 sudedamoji dalis yra industrinio lygio poliamido (nailono) milteliai. Leid\u017eia spausdinti tvirtas, atsparias temperat\u016brai, tikslias ir tvarias detales. Pagrindin\u0117 med\u017eiaga: Poliamidas 12 Spalva: Antracitas Daleli\u0173 dydis: apie 60 \u03bcm \u0160ilumos deformacija: 177 \u00b0C Sintratec TPE milteliai Auk\u0161to efektyvumo polimeras TPE buvo sukurtas gaminti itin lanks\u010dias, \u012f [&hellip;]\" \/>\n<meta property=\"og:url\" content=\"https:\/\/3dbonum.com\/lt\/produktai\/polimeru-milteliai\/\" \/>\n<meta property=\"og:site_name\" content=\"3D BONUM\" \/>\n<meta property=\"article:modified_time\" content=\"2021-07-30T17:29:06+00:00\" \/>\n<meta property=\"og:image\" content=\"https:\/\/3dbonum.com\/wp-content\/uploads\/2020\/04\/Sintratec-Logo-300x42.jpg\" \/>\n<meta name=\"twitter:card\" content=\"summary_large_image\" \/>\n<meta name=\"twitter:label1\" content=\"Est. reading time\" \/>\n\t<meta name=\"twitter:data1\" content=\"1 minut\u0117\" \/>\n<script type=\"application\/ld+json\" class=\"yoast-schema-graph\">{\"@context\":\"https:\/\/schema.org\",\"@graph\":[{\"@type\":\"WebPage\",\"@id\":\"https:\/\/3dbonum.com\/lt\/produktai\/polimeru-milteliai\/\",\"url\":\"https:\/\/3dbonum.com\/lt\/produktai\/polimeru-milteliai\/\",\"name\":\"Polimer\u0173 milteliai - 3D BONUM\",\"isPartOf\":{\"@id\":\"https:\/\/3dbonum.com\/#website\"},\"datePublished\":\"2020-04-21T16:46:20+00:00\",\"dateModified\":\"2021-07-30T17:29:06+00:00\",\"breadcrumb\":{\"@id\":\"https:\/\/3dbonum.com\/lt\/produktai\/polimeru-milteliai\/#breadcrumb\"},\"inLanguage\":\"lt-LT\",\"potentialAction\":[{\"@type\":\"ReadAction\",\"target\":[\"https:\/\/3dbonum.com\/lt\/produktai\/polimeru-milteliai\/\"]}]},{\"@type\":\"BreadcrumbList\",\"@id\":\"https:\/\/3dbonum.com\/lt\/produktai\/polimeru-milteliai\/#breadcrumb\",\"itemListElement\":[{\"@type\":\"ListItem\",\"position\":1,\"name\":\"Pradinis\",\"item\":\"https:\/\/3dbonum.com\/lt\/\"},{\"@type\":\"ListItem\",\"position\":2,\"name\":\"Produktai\",\"item\":\"https:\/\/3dbonum.com\/lt\/produktai\/\"},{\"@type\":\"ListItem\",\"position\":3,\"name\":\"Polimer\u0173 milteliai\"}]},{\"@type\":\"WebSite\",\"@id\":\"https:\/\/3dbonum.com\/#website\",\"url\":\"https:\/\/3dbonum.com\/\",\"name\":\"3D BONUM\",\"description\":\"3D BONUM\",\"potentialAction\":[{\"@type\":\"SearchAction\",\"target\":{\"@type\":\"EntryPoint\",\"urlTemplate\":\"https:\/\/3dbonum.com\/?s={search_term_string}\"},\"query-input\":\"required name=search_term_string\"}],\"inLanguage\":\"lt-LT\"}]}<\/script>\n<!-- \/ Yoast SEO plugin. -->","yoast_head_json":{"title":"Polimer\u0173 milteliai - 3D BONUM","robots":{"index":"index","follow":"follow","max-snippet":"max-snippet:-1","max-image-preview":"max-image-preview:large","max-video-preview":"max-video-preview:-1"},"canonical":"https:\/\/3dbonum.com\/lt\/produktai\/polimeru-milteliai\/","og_locale":"lt_LT","og_type":"article","og_title":"Polimer\u0173 milteliai - 3D BONUM","og_description":"Polimer\u0173 milteliai Sintratec PA12 milteliai Auk\u0161to efektyvumo polimeras, kurio pagrindin\u0117 sudedamoji dalis yra industrinio lygio poliamido (nailono) milteliai. Leid\u017eia spausdinti tvirtas, atsparias temperat\u016brai, tikslias ir tvarias detales. Pagrindin\u0117 med\u017eiaga: Poliamidas 12 Spalva: Antracitas Daleli\u0173 dydis: apie 60 \u03bcm \u0160ilumos deformacija: 177 \u00b0C Sintratec TPE milteliai Auk\u0161to efektyvumo polimeras TPE buvo sukurtas gaminti itin lanks\u010dias, \u012f [&hellip;]","og_url":"https:\/\/3dbonum.com\/lt\/produktai\/polimeru-milteliai\/","og_site_name":"3D BONUM","article_modified_time":"2021-07-30T17:29:06+00:00","og_image":[{"url":"https:\/\/3dbonum.com\/wp-content\/uploads\/2020\/04\/Sintratec-Logo-300x42.jpg"}],"twitter_card":"summary_large_image","twitter_misc":{"Est. reading time":"1 minut\u0117"},"schema":{"@context":"https:\/\/schema.org","@graph":[{"@type":"WebPage","@id":"https:\/\/3dbonum.com\/lt\/produktai\/polimeru-milteliai\/","url":"https:\/\/3dbonum.com\/lt\/produktai\/polimeru-milteliai\/","name":"Polimer\u0173 milteliai - 3D BONUM","isPartOf":{"@id":"https:\/\/3dbonum.com\/#website"},"datePublished":"2020-04-21T16:46:20+00:00","dateModified":"2021-07-30T17:29:06+00:00","breadcrumb":{"@id":"https:\/\/3dbonum.com\/lt\/produktai\/polimeru-milteliai\/#breadcrumb"},"inLanguage":"lt-LT","potentialAction":[{"@type":"ReadAction","target":["https:\/\/3dbonum.com\/lt\/produktai\/polimeru-milteliai\/"]}]},{"@type":"BreadcrumbList","@id":"https:\/\/3dbonum.com\/lt\/produktai\/polimeru-milteliai\/#breadcrumb","itemListElement":[{"@type":"ListItem","position":1,"name":"Pradinis","item":"https:\/\/3dbonum.com\/lt\/"},{"@type":"ListItem","position":2,"name":"Produktai","item":"https:\/\/3dbonum.com\/lt\/produktai\/"},{"@type":"ListItem","position":3,"name":"Polimer\u0173 milteliai"}]},{"@type":"WebSite","@id":"https:\/\/3dbonum.com\/#website","url":"https:\/\/3dbonum.com\/","name":"3D BONUM","description":"3D BONUM","potentialAction":[{"@type":"SearchAction","target":{"@type":"EntryPoint","urlTemplate":"https:\/\/3dbonum.com\/?s={search_term_string}"},"query-input":"required name=search_term_string"}],"inLanguage":"lt-LT"}]}},"_links":{"self":[{"href":"https:\/\/3dbonum.com\/lt\/wp-json\/wp\/v2\/pages\/29768"}],"collection":[{"href":"https:\/\/3dbonum.com\/lt\/wp-json\/wp\/v2\/pages"}],"about":[{"href":"https:\/\/3dbonum.com\/lt\/wp-json\/wp\/v2\/types\/page"}],"author":[{"embeddable":true,"href":"https:\/\/3dbonum.com\/lt\/wp-json\/wp\/v2\/users\/5"}],"replies":[{"embeddable":true,"href":"https:\/\/3dbonum.com\/lt\/wp-json\/wp\/v2\/comments?post=29768"}],"version-history":[{"count":3,"href":"https:\/\/3dbonum.com\/lt\/wp-json\/wp\/v2\/pages\/29768\/revisions"}],"predecessor-version":[{"id":29825,"href":"https:\/\/3dbonum.com\/lt\/wp-json\/wp\/v2\/pages\/29768\/revisions\/29825"}],"up":[{"embeddable":true,"href":"https:\/\/3dbonum.com\/lt\/wp-json\/wp\/v2\/pages\/29676"}],"wp:attachment":[{"href":"https:\/\/3dbonum.com\/lt\/wp-json\/wp\/v2\/media?parent=29768"}],"curies":[{"name":"wp","href":"https:\/\/api.w.org\/{rel}","templated":true}]}}